{"id":119,"date":"2023-01-24T01:04:15","date_gmt":"2023-01-24T00:04:15","guid":{"rendered":"http:\/\/cmifrance.fr\/?page_id=119"},"modified":"2026-01-21T11:47:01","modified_gmt":"2026-01-21T10:47:01","slug":"wecmi","status":"publish","type":"page","link":"https:\/\/www.cmifrance.fr\/index.php\/wecmi\/","title":{"rendered":"Week-end de co\u00e9sion (WECMI)"},"content":{"rendered":"\n<div class=\"wp-block-cover alignfull\" style=\"padding-top:10vw;padding-right:30px;padding-bottom:10vw;padding-left:30px;min-height:399px;aspect-ratio:unset;\"><img loading=\"lazy\" decoding=\"async\" width=\"2560\" height=\"1707\" class=\"wp-block-cover__image-background wp-image-121\" alt=\"\" src=\"http:\/\/cmifrance.fr\/wp-content\/uploads\/2023\/01\/IMG_4336-scaled.jpg\" style=\"object-position:52% 59%\" data-object-fit=\"cover\" data-object-position=\"52% 59%\" srcset=\"https:\/\/www.cmifrance.fr\/wp-content\/uploads\/2023\/01\/IMG_4336-scaled.jpg 2560w, https:\/\/www.cmifrance.fr\/wp-content\/uploads\/2023\/01\/IMG_4336-300x200.jpg 300w, https:\/\/www.cmifrance.fr\/wp-content\/uploads\/2023\/01\/IMG_4336-1024x683.jpg 1024w, https:\/\/www.cmifrance.fr\/wp-content\/uploads\/2023\/01\/IMG_4336-768x512.jpg 768w, https:\/\/www.cmifrance.fr\/wp-content\/uploads\/2023\/01\/IMG_4336-1536x1024.jpg 1536w, https:\/\/www.cmifrance.fr\/wp-content\/uploads\/2023\/01\/IMG_4336-2048x1365.jpg 2048w\" sizes=\"auto, (max-width: 2560px) 100vw, 2560px\" \/><span aria-hidden=\"true\" class=\"wp-block-cover__background has-black-background-color has-background-dim-60 has-background-dim\"><\/span><div class=\"wp-block-cover__inner-container is-layout-flow wp-block-cover-is-layout-flow\">\n<div class=\"wp-block-group alignwide is-layout-constrained wp-block-group-is-layout-constrained\">\n<div class=\"wp-block-group alignwide is-layout-flow wp-container-core-group-is-layout-f1988915 wp-block-group-is-layout-flow\"><h2 class=\"has-text-align-center wp-block-post-title has-text-color has-background-color\">Week-end de co\u00e9sion (WECMI)<\/h2><\/div>\n<\/div>\n<\/div><\/div>\n\n\n\n<div class=\"wp-block-group has-background-background-color has-background is-layout-constrained wp-container-core-group-is-layout-dfae310d wp-block-group-is-layout-constrained\" style=\"border-style:none;border-width:0px;padding-top:0px;padding-right:30px;padding-bottom:80px;padding-left:33px\">\n<div class=\"wp-block-group is-content-justification-center is-nowrap is-layout-flex wp-container-core-group-is-layout-d3a89271 wp-block-group-is-layout-flex\" style=\"padding-top:0px;padding-right:0px;padding-bottom:0;padding-left:0px\">\n<div class=\"wp-block-group is-layout-constrained wp-container-core-group-is-layout-00831e1a wp-block-group-is-layout-constrained\">\n<div class=\"wp-block-group is-content-justification-center is-nowrap is-layout-flex wp-container-core-group-is-layout-eff0ac72 wp-block-group-is-layout-flex\">\n<div class=\"wp-block-group has-border-color has-secondary-border-color is-layout-constrained wp-block-group-is-layout-constrained\" style=\"border-width:2px\">\n<h3 class=\"wp-block-heading has-normal-font-size\" style=\"padding-top:0;padding-right:var(--wp--preset--spacing--40);padding-bottom:0;padding-left:var(--wp--preset--spacing--40);font-style:normal;font-weight:500\">D\u00e9couvrez le WECMI<\/h3>\n<\/div>\n<\/div>\n<\/div>\n<\/div>\n\n\n\n<div class=\"wp-block-columns alignwide is-layout-flex wp-container-core-columns-is-layout-643ced6b wp-block-columns-is-layout-flex\">\n<div class=\"wp-block-column is-vertically-aligned-center is-layout-flow wp-block-column-is-layout-flow\">\n<div class=\"wp-block-group alignwide has-box-shadow is-layout-constrained wp-container-core-group-is-layout-a22da0ff wp-block-group-is-layout-constrained\" style=\"border-style:none;border-width:0px;border-radius:0px;padding-top:60px;padding-right:60px;padding-bottom:60px;padding-left:60px\">\n<div class=\"wp-block-group is-content-justification-center is-nowrap is-layout-flex wp-container-core-group-is-layout-23441af8 wp-block-group-is-layout-flex\">\n<figure class=\"wp-block-image alignleft size-full is-resized has-custom-border wp-duotone-001965-00a5ff-1\"><img loading=\"lazy\" decoding=\"async\" width=\"512\" height=\"512\" src=\"https:\/\/www.cmifrance.fr\/wp-content\/uploads\/2023\/01\/question-1.png\" alt=\"\" class=\"wp-image-385\" style=\"border-radius:0px;width:60px;height:60px\" srcset=\"https:\/\/www.cmifrance.fr\/wp-content\/uploads\/2023\/01\/question-1.png 512w, https:\/\/www.cmifrance.fr\/wp-content\/uploads\/2023\/01\/question-1-300x300.png 300w, https:\/\/www.cmifrance.fr\/wp-content\/uploads\/2023\/01\/question-1-150x150.png 150w\" sizes=\"auto, (max-width: 512px) 100vw, 512px\" \/><\/figure>\n<\/div>\n\n\n\n<div class=\"wp-block-group is-layout-flow wp-container-core-group-is-layout-dd5ee366 wp-block-group-is-layout-flow\" style=\"padding-top:0px;padding-right:0px;padding-bottom:0px;padding-left:0px\">\n<h3 class=\"wp-block-heading has-text-align-center has-big-font-size\" style=\"margin-top:0px;margin-right:0px;margin-bottom:5px;margin-left:0px\"><a href=\"#description\"><\/a><a href=\"#photo\"><\/a><a href=\"#description\">Qu&rsquo;est ce que le WECMI ?<\/a><\/h3>\n\n\n\n<p class=\"has-text-align-center\">D\u00e9couvrez les objectifs, le d\u00e9roulement et les conditions de participations du WECMI<\/p>\n\n\n\n<div class=\"wp-block-group is-layout-flow wp-block-group-is-layout-flow\" style=\"padding-top:15px\">\n<p class=\"has-text-align-center has-background-color has-text-color has-link-color wp-elements-511f68b8cbe5b144fba6b990c8dfd2a6\" style=\"text-transform:capitalize\"><strong><a href=\"#\">En<\/a><a href=\"#description\"> savoir plus<\/a><\/strong><\/p>\n<\/div>\n<\/div>\n<\/div>\n<\/div>\n\n\n\n<div class=\"wp-block-column is-vertically-aligned-center is-layout-flow wp-block-column-is-layout-flow\">\n<div class=\"wp-block-group alignwide has-box-shadow is-layout-constrained wp-container-core-group-is-layout-a22da0ff wp-block-group-is-layout-constrained\" style=\"border-style:none;border-width:0px;border-radius:0px;padding-top:60px;padding-right:60px;padding-bottom:60px;padding-left:60px\">\n<div class=\"wp-block-group is-content-justification-center is-nowrap is-layout-flex wp-container-core-group-is-layout-23441af8 wp-block-group-is-layout-flex\">\n<figure class=\"wp-block-image alignleft size-full is-resized has-custom-border wp-duotone-001965-00a5ff-2\"><img loading=\"lazy\" decoding=\"async\" width=\"512\" height=\"512\" src=\"https:\/\/www.cmifrance.fr\/wp-content\/uploads\/2023\/01\/camera.png\" alt=\"\" class=\"wp-image-386\" style=\"border-radius:0px;width:60px;height:60px\" srcset=\"https:\/\/www.cmifrance.fr\/wp-content\/uploads\/2023\/01\/camera.png 512w, https:\/\/www.cmifrance.fr\/wp-content\/uploads\/2023\/01\/camera-300x300.png 300w, https:\/\/www.cmifrance.fr\/wp-content\/uploads\/2023\/01\/camera-150x150.png 150w\" sizes=\"auto, (max-width: 512px) 100vw, 512px\" \/><\/figure>\n<\/div>\n\n\n\n<div class=\"wp-block-group is-layout-flow wp-container-core-group-is-layout-dd5ee366 wp-block-group-is-layout-flow\" style=\"padding-top:0px;padding-right:0px;padding-bottom:0px;padding-left:0px\">\n<h3 class=\"wp-block-heading has-text-align-center has-big-font-size\" style=\"margin-top:0px;margin-right:0px;margin-bottom:5px;margin-left:0px\"><a href=\"#description\"><\/a><a href=\"#photo\">Album photo des WEICMI<\/a><\/h3>\n\n\n\n<p class=\"has-text-align-center\">Ann\u00e9es apr\u00e9s ann\u00e9es, de nombreuses photos on pu \u00eatre prises &#8230;<br>Profitez-en \ud83d\ude09<\/p>\n\n\n\n<div class=\"wp-block-group is-layout-flow wp-block-group-is-layout-flow\" style=\"padding-top:15px\">\n<p class=\"has-text-align-center has-background-color has-text-color has-link-color wp-elements-5fa2084da678229ac1031d7eb30e5cc9\" style=\"text-transform:capitalize\"><strong><a href=\"#\">En<\/a><a href=\"#description\"> <\/a><a href=\"#photo\">savoir plus<\/a><\/strong><\/p>\n<\/div>\n<\/div>\n<\/div>\n<\/div>\n<\/div>\n<\/div>\n\n\n\n<div id=\"description\" class=\"wp-block-group has-background-color has-text-color has-background has-link-color wp-elements-d6882212ba7d6c59193284b76e74d9d6 is-layout-flow wp-container-core-group-is-layout-4d081d27 wp-block-group-is-layout-flow\" style=\"border-radius:31px;background:linear-gradient(118deg,rgb(85,137,171) 11%,rgb(4,0,86) 100%);padding-top:var(--wp--preset--spacing--70);padding-right:var(--wp--preset--spacing--70);padding-bottom:var(--wp--preset--spacing--70);padding-left:var(--wp--preset--spacing--70)\">\n<h2 class=\"wp-block-heading\" style=\"font-size:38px;line-height:1.4\"><strong><a href=\"#\">Qu&rsquo;est ce que le WECMI ?<\/a><\/strong><\/h2>\n\n\n\n<div class=\"wp-block-columns is-layout-flex wp-container-core-columns-is-layout-28f84493 wp-block-columns-is-layout-flex\">\n<div class=\"wp-block-column is-layout-flow wp-block-column-is-layout-flow\">\n<p style=\"font-size:18px\">Ils la suivirent sur le pont. Toute la fum\u00e9e et les maisons avaient disparu, et le navire se trouvait dans un large espace de mer tr\u00e8s frais et clair, bien que p\u00e2le dans la lumi\u00e8re du matin. Ils avaient laiss\u00e9 Londres assise dans sa boue. Une ligne d\u2019ombre tr\u00e8s mince s\u2019effilait \u00e0 l\u2019horizon, \u00e0 peine assez \u00e9paisse pour soutenir le poids de Paris, qui pourtant reposait dessus. Ils \u00e9taient libres des routes, libres des hommes, et la m\u00eame exaltation de leur libert\u00e9 les traversait tous.<\/p>\n<\/div>\n\n\n\n<div class=\"wp-block-column is-layout-flow wp-block-column-is-layout-flow\">\n<p style=\"font-size:18px\">Le navire avan\u00e7ait tranquillement \u00e0 travers de petites vagues qui le giflaient puis p\u00e9tillaient comme de l\u2019eau effervescente, laissant une petite bordure de bulles et d\u2019\u00e9cume de chaque c\u00f4t\u00e9. Au-dessus, le ciel incolore d\u2019octobre \u00e9tait finement voil\u00e9 comme par la tra\u00een\u00e9e de fum\u00e9e d\u2019un feu de bois, et l\u2019air \u00e9tait merveilleusement sal\u00e9 et vivifiant. En effet, il faisait trop froid pour rester immobile. Mme Ambrose avait gliss\u00e9 son bras dans celui de son mari, et tandis qu\u2019ils s\u2019\u00e9loignaient, on pouvait voir \u00e0 la fa\u00e7on dont sa joue inclin\u00e9e se tournait vers la sienne qu\u2019elle avait quelque chose de personnel \u00e0 lui confier.<\/p>\n<\/div>\n<\/div>\n<\/div>\n\n\n\n<div id=\"photo\" class=\"wp-block-group is-layout-constrained wp-block-group-is-layout-constrained\">\n<div class=\"wp-block-query is-layout-flow wp-block-query-is-layout-flow\"><ul class=\"wp-block-post-template is-layout-flow wp-block-post-template-is-layout-flow\"><li class=\"wp-block-post post-224 post type-post status-publish format-standard hentry category-wecmi\">\n<h2 class=\"wp-block-post-title\"><a href=\"https:\/\/www.cmifrance.fr\/index.php\/2023\/01\/24\/wecmi-2022-pau\/\" target=\"_self\" >WECMI 2022 &#8211; Pau<\/a><\/h2>\n\n\n\n<div class=\"wp-block-post-excerpt\"><p class=\"wp-block-post-excerpt__excerpt\">Plus de 130 \u00e9tudiants, 12 villes repr\u00e9sent\u00e9es (Pau et Nantes en fooorce, et Paris \u00e9videmment). [&hellip;] <\/p><\/div>\n\n\n<hr class=\"wp-block-separator has-css-opacity\"\/>\n\n<\/li><li class=\"wp-block-post post-222 post type-post status-publish format-standard hentry category-wecmi\">\n<h2 class=\"wp-block-post-title\"><a href=\"https:\/\/www.cmifrance.fr\/index.php\/2023\/01\/24\/wecmi-2021-paris\/\" target=\"_self\" >WECMI 2021 &#8211; Paris<\/a><\/h2>\n\n\n\n<div class=\"wp-block-post-excerpt\"><p class=\"wp-block-post-excerpt__excerpt\"> <\/p><\/div>\n\n\n<hr class=\"wp-block-separator has-css-opacity\"\/>\n\n<\/li><li class=\"wp-block-post post-220 post type-post status-publish format-standard hentry category-wecmi\">\n<h2 class=\"wp-block-post-title\"><a href=\"https:\/\/www.cmifrance.fr\/index.php\/2023\/01\/24\/wecmi-2019-cergy\/\" target=\"_self\" >WECMI 2019 &#8211; Cergy<\/a><\/h2>\n\n\n\n<div class=\"wp-block-post-excerpt\"><p class=\"wp-block-post-excerpt__excerpt\"> <\/p><\/div>\n\n\n<hr class=\"wp-block-separator has-css-opacity\"\/>\n\n<\/li><li class=\"wp-block-post post-218 post type-post status-publish format-standard hentry category-wecmi\">\n<h2 class=\"wp-block-post-title\"><a href=\"https:\/\/www.cmifrance.fr\/index.php\/2023\/01\/24\/wecmi-2018-avignon\/\" target=\"_self\" >WECMI 2018 &#8211; Avignon<\/a><\/h2>\n\n\n\n<div class=\"wp-block-post-excerpt\"><p class=\"wp-block-post-excerpt__excerpt\"> <\/p><\/div>\n\n\n<hr class=\"wp-block-separator has-css-opacity\"\/>\n\n<\/li><li class=\"wp-block-post post-216 post type-post status-publish format-standard hentry category-wecmi\">\n<h2 class=\"wp-block-post-title\"><a href=\"https:\/\/www.cmifrance.fr\/index.php\/2023\/01\/24\/wecmi-2017-strasbourg\/\" target=\"_self\" >WECMI 2017 &#8211; Strasbourg<\/a><\/h2>\n\n\n\n<div class=\"wp-block-post-excerpt\"><p class=\"wp-block-post-excerpt__excerpt\"> <\/p><\/div>\n\n\n<hr class=\"wp-block-separator has-css-opacity\"\/>\n\n<\/li><li class=\"wp-block-post post-214 post type-post status-publish format-standard hentry category-wecmi\">\n<h2 class=\"wp-block-post-title\"><a href=\"https:\/\/www.cmifrance.fr\/index.php\/2023\/01\/24\/wecmi-2016-montpellier\/\" target=\"_self\" >WECMI 2016 &#8211; Montpellier<\/a><\/h2>\n\n\n\n<div class=\"wp-block-post-excerpt\"><p class=\"wp-block-post-excerpt__excerpt\"> <\/p><\/div>\n\n\n<hr class=\"wp-block-separator has-css-opacity\"\/>\n\n<\/li><li class=\"wp-block-post post-211 post type-post status-publish format-standard hentry category-wecmi\">\n<h2 class=\"wp-block-post-title\"><a href=\"https:\/\/www.cmifrance.fr\/index.php\/2023\/01\/24\/wecmi-2015-paris\/\" target=\"_self\" >WECMI 2015 &#8211; Paris<\/a><\/h2>\n\n\n\n<div class=\"wp-block-post-excerpt\"><p class=\"wp-block-post-excerpt__excerpt\"> <\/p><\/div>\n\n\n<hr class=\"wp-block-separator has-css-opacity\"\/>\n\n<\/li><\/ul><\/div>\n<\/div>\n","protected":false},"excerpt":{"rendered":"<p>D\u00e9couvrez le WECMI Qu&rsquo;est ce que le WECMI ? D\u00e9couvrez les objectifs, le d\u00e9roulement et [&hellip;]<\/p>\n","protected":false},"author":2,"featured_media":0,"parent":0,"menu_order":0,"comment_status":"closed","ping_status":"closed","template":"page-no-title","meta":{"footnotes":""},"class_list":["post-119","page","type-page","status-publish","hentry"],"_links":{"self":[{"href":"https:\/\/www.cmifrance.fr\/index.php\/wp-json\/wp\/v2\/pages\/119","targetHints":{"allow":["GET"]}}],"collection":[{"href":"https:\/\/www.cmifrance.fr\/index.php\/wp-json\/wp\/v2\/pages"}],"about":[{"href":"https:\/\/www.cmifrance.fr\/index.php\/wp-json\/wp\/v2\/types\/page"}],"author":[{"embeddable":true,"href":"https:\/\/www.cmifrance.fr\/index.php\/wp-json\/wp\/v2\/users\/2"}],"replies":[{"embeddable":true,"href":"https:\/\/www.cmifrance.fr\/index.php\/wp-json\/wp\/v2\/comments?post=119"}],"version-history":[{"count":42,"href":"https:\/\/www.cmifrance.fr\/index.php\/wp-json\/wp\/v2\/pages\/119\/revisions"}],"predecessor-version":[{"id":754,"href":"https:\/\/www.cmifrance.fr\/index.php\/wp-json\/wp\/v2\/pages\/119\/revisions\/754"}],"wp:attachment":[{"href":"https:\/\/www.cmifrance.fr\/index.php\/wp-json\/wp\/v2\/media?parent=119"}],"curies":[{"name":"wp","href":"https:\/\/api.w.org\/{rel}","templated":true}]}}