{"id":547,"date":"2026-01-07T13:47:56","date_gmt":"2026-01-07T12:47:56","guid":{"rendered":"https:\/\/www.cmifrance.fr\/?page_id=547"},"modified":"2026-02-21T10:34:43","modified_gmt":"2026-02-21T09:34:43","slug":"bureau-cmi-france-2025-2026","status":"publish","type":"page","link":"https:\/\/www.cmifrance.fr\/index.php\/bureau-cmi-france-2025-2026\/","title":{"rendered":"Bureau CMI France 2025-2026"},"content":{"rendered":"\n<hr class=\"wp-block-separator has-alpha-channel-opacity\"\/>\n\n\n\n<div class=\"wp-block-group is-layout-constrained wp-block-group-is-layout-constrained\">\n<div class=\"wp-block-group alignwide gutena-pattern is-layout-constrained wp-container-core-group-is-layout-f6f6321c wp-block-group-is-layout-constrained\" style=\"padding-top:var(--wp--preset--spacing--80);padding-right:var(--wp--preset--spacing--30);padding-bottom:var(--wp--preset--spacing--80);padding-left:var(--wp--preset--spacing--40)\">\n<div class=\"wp-block-columns alignwide is-layout-flex wp-container-core-columns-is-layout-28f84493 wp-block-columns-is-layout-flex\">\n<div class=\"wp-block-column is-vertically-aligned-top is-layout-flow wp-block-column-is-layout-flow\">\n<div class=\"wp-block-group alignwide has-shadow-dark animated animated-fadeInUp has-white-background-color has-background is-layout-constrained wp-container-core-group-is-layout-d794d2f0 wp-block-group-is-layout-constrained\" style=\"border-radius:0px;padding-top:0px;padding-right:0px;padding-bottom:0px;padding-left:0px\">\n<div class=\"wp-block-group is-layout-flow wp-block-group-is-layout-flow\">\n<figure class=\"wp-block-gallery has-nested-images columns-default is-cropped wp-block-gallery-1 is-layout-flex wp-block-gallery-is-layout-flex\">\n<figure class=\"wp-block-image size-large\"><img loading=\"lazy\" decoding=\"async\" width=\"819\" height=\"1024\" data-id=\"548\" src=\"https:\/\/www.cmifrance.fr\/wp-content\/uploads\/2025\/12\/Alexandre-D-819x1024.png\" alt=\"\" class=\"wp-image-548\" srcset=\"https:\/\/www.cmifrance.fr\/wp-content\/uploads\/2025\/12\/Alexandre-D-819x1024.png 819w, https:\/\/www.cmifrance.fr\/wp-content\/uploads\/2025\/12\/Alexandre-D-240x300.png 240w, https:\/\/www.cmifrance.fr\/wp-content\/uploads\/2025\/12\/Alexandre-D-768x960.png 768w, https:\/\/www.cmifrance.fr\/wp-content\/uploads\/2025\/12\/Alexandre-D-1229x1536.png 1229w, https:\/\/www.cmifrance.fr\/wp-content\/uploads\/2025\/12\/Alexandre-D-1638x2048.png 1638w, https:\/\/www.cmifrance.fr\/wp-content\/uploads\/2025\/12\/Alexandre-D-scaled.png 2048w\" sizes=\"auto, (max-width: 819px) 100vw, 819px\" \/><\/figure>\n<\/figure>\n<\/div>\n\n\n\n<div class=\"wp-block-group is-layout-flow wp-container-core-group-is-layout-4e684634 wp-block-group-is-layout-flow\" style=\"border-radius:0px;padding-top:30px;padding-right:40px;padding-bottom:30px;padding-left:40px\">\n<h3 class=\"wp-block-heading has-text-align-center has-big-font-size\" style=\"margin-top:0px;margin-right:0px;margin-bottom:0px;margin-left:0px\">Alexandre D.<\/h3>\n\n\n\n<p class=\"has-text-align-center has-secondary-color has-text-color\">Pr\u00e9sident<\/p>\n<\/div>\n<\/div>\n\n\n\n<div class=\"wp-block-group alignwide has-shadow-dark animated animated-fadeInUp has-white-background-color has-background is-layout-constrained wp-container-core-group-is-layout-d794d2f0 wp-block-group-is-layout-constrained\" style=\"border-radius:0px;padding-top:0px;padding-right:0px;padding-bottom:0px;padding-left:0px\">\n<div class=\"wp-block-group is-layout-flow wp-block-group-is-layout-flow\">\n<figure class=\"wp-block-gallery has-nested-images columns-default is-cropped wp-block-gallery-2 is-layout-flex wp-block-gallery-is-layout-flex\">\n<figure class=\"wp-block-image size-large\"><img loading=\"lazy\" decoding=\"async\" width=\"819\" height=\"1024\" data-id=\"768\" src=\"https:\/\/www.cmifrance.fr\/wp-content\/uploads\/2026\/02\/Blank-photos-bureau-blanc-819x1024.png\" alt=\"\" class=\"wp-image-768\" srcset=\"https:\/\/www.cmifrance.fr\/wp-content\/uploads\/2026\/02\/Blank-photos-bureau-blanc-819x1024.png 819w, https:\/\/www.cmifrance.fr\/wp-content\/uploads\/2026\/02\/Blank-photos-bureau-blanc-240x300.png 240w, https:\/\/www.cmifrance.fr\/wp-content\/uploads\/2026\/02\/Blank-photos-bureau-blanc-768x960.png 768w, https:\/\/www.cmifrance.fr\/wp-content\/uploads\/2026\/02\/Blank-photos-bureau-blanc.png 1080w\" sizes=\"auto, (max-width: 819px) 100vw, 819px\" \/><\/figure>\n<\/figure>\n<\/div>\n\n\n\n<div class=\"wp-block-group is-layout-flow wp-container-core-group-is-layout-4e684634 wp-block-group-is-layout-flow\" style=\"border-radius:0px;padding-top:30px;padding-right:40px;padding-bottom:30px;padding-left:40px\">\n<h3 class=\"wp-block-heading has-text-align-center has-big-font-size\" style=\"margin-top:0px;margin-right:0px;margin-bottom:0px;margin-left:0px\">Itimade O.<\/h3>\n\n\n\n<p class=\"has-text-align-center has-secondary-color has-text-color\">Secr\u00e9taire<\/p>\n<\/div>\n<\/div>\n\n\n\n<div class=\"wp-block-group alignwide has-shadow-dark animated animated-fadeInUp has-white-background-color has-background is-layout-constrained wp-container-core-group-is-layout-d794d2f0 wp-block-group-is-layout-constrained\" style=\"border-radius:0px;padding-top:0px;padding-right:0px;padding-bottom:0px;padding-left:0px\">\n<div class=\"wp-block-group is-layout-flow wp-block-group-is-layout-flow\">\n<figure class=\"wp-block-gallery has-nested-images columns-default is-cropped wp-block-gallery-3 is-layout-flex wp-block-gallery-is-layout-flex\">\n<figure class=\"wp-block-image size-large\"><img loading=\"lazy\" decoding=\"async\" width=\"819\" height=\"1024\" data-id=\"552\" src=\"https:\/\/www.cmifrance.fr\/wp-content\/uploads\/2025\/12\/Logan-G-819x1024.png\" alt=\"\" class=\"wp-image-552\" srcset=\"https:\/\/www.cmifrance.fr\/wp-content\/uploads\/2025\/12\/Logan-G-819x1024.png 819w, https:\/\/www.cmifrance.fr\/wp-content\/uploads\/2025\/12\/Logan-G-240x300.png 240w, https:\/\/www.cmifrance.fr\/wp-content\/uploads\/2025\/12\/Logan-G-768x960.png 768w, https:\/\/www.cmifrance.fr\/wp-content\/uploads\/2025\/12\/Logan-G-1229x1536.png 1229w, https:\/\/www.cmifrance.fr\/wp-content\/uploads\/2025\/12\/Logan-G-1638x2048.png 1638w, https:\/\/www.cmifrance.fr\/wp-content\/uploads\/2025\/12\/Logan-G-scaled.png 2048w\" sizes=\"auto, (max-width: 819px) 100vw, 819px\" \/><\/figure>\n<\/figure>\n<\/div>\n\n\n\n<div class=\"wp-block-group is-layout-flow wp-container-core-group-is-layout-4e684634 wp-block-group-is-layout-flow\" style=\"border-radius:0px;padding-top:30px;padding-right:40px;padding-bottom:30px;padding-left:40px\">\n<h3 class=\"wp-block-heading has-text-align-center has-big-font-size\" style=\"margin-top:0px;margin-right:0px;margin-bottom:0px;margin-left:0px\">Logan G.<\/h3>\n\n\n\n<p class=\"has-text-align-center has-secondary-color has-text-color\">VP Alumni<\/p>\n<\/div>\n<\/div>\n<\/div>\n\n\n\n<div class=\"wp-block-column is-vertically-aligned-top has-shadow-dark  animated animated-fadeInUp is-layout-flow wp-block-column-is-layout-flow\">\n<div class=\"wp-block-group alignwide animated animated-fadeInUp has-white-background-color has-background is-layout-constrained wp-container-core-group-is-layout-d794d2f0 wp-block-group-is-layout-constrained\" style=\"border-radius:0px;padding-top:0px;padding-right:0px;padding-bottom:0px;padding-left:0px\">\n<div class=\"wp-block-group is-layout-flow wp-block-group-is-layout-flow\">\n<figure class=\"wp-block-gallery aligncenter has-nested-images columns-default is-cropped wp-block-gallery-4 is-layout-flex wp-block-gallery-is-layout-flex\">\n<figure class=\"wp-block-image size-large\"><img loading=\"lazy\" decoding=\"async\" width=\"819\" height=\"1024\" data-id=\"549\" src=\"https:\/\/www.cmifrance.fr\/wp-content\/uploads\/2025\/12\/Dorian-C-819x1024.png\" alt=\"\" class=\"wp-image-549\" srcset=\"https:\/\/www.cmifrance.fr\/wp-content\/uploads\/2025\/12\/Dorian-C-819x1024.png 819w, https:\/\/www.cmifrance.fr\/wp-content\/uploads\/2025\/12\/Dorian-C-240x300.png 240w, https:\/\/www.cmifrance.fr\/wp-content\/uploads\/2025\/12\/Dorian-C-768x960.png 768w, https:\/\/www.cmifrance.fr\/wp-content\/uploads\/2025\/12\/Dorian-C-1229x1536.png 1229w, https:\/\/www.cmifrance.fr\/wp-content\/uploads\/2025\/12\/Dorian-C-1638x2048.png 1638w, https:\/\/www.cmifrance.fr\/wp-content\/uploads\/2025\/12\/Dorian-C-scaled.png 2048w\" sizes=\"auto, (max-width: 819px) 100vw, 819px\" \/><\/figure>\n<\/figure>\n<\/div>\n\n\n\n<div class=\"wp-block-group is-layout-flow wp-container-core-group-is-layout-4e684634 wp-block-group-is-layout-flow\" style=\"border-radius:0px;padding-top:30px;padding-right:40px;padding-bottom:30px;padding-left:40px\">\n<h3 class=\"wp-block-heading has-text-align-center has-big-font-size\" style=\"margin-top:0px;margin-right:0px;margin-bottom:0px;margin-left:0px\">Dorian C.<\/h3>\n\n\n\n<p class=\"has-text-align-center has-secondary-color has-text-color\">Vice-pr\u00e9sident<\/p>\n<\/div>\n<\/div>\n\n\n\n<div class=\"wp-block-group alignwide animated animated-fadeInUp has-white-background-color has-background is-layout-constrained wp-container-core-group-is-layout-d794d2f0 wp-block-group-is-layout-constrained\" style=\"border-radius:0px;padding-top:0px;padding-right:0px;padding-bottom:0px;padding-left:0px\">\n<div class=\"wp-block-group is-layout-flow wp-block-group-is-layout-flow\">\n<figure class=\"wp-block-gallery aligncenter has-nested-images columns-default is-cropped wp-block-gallery-5 is-layout-flex wp-block-gallery-is-layout-flex\">\n<figure class=\"wp-block-image size-large\"><img loading=\"lazy\" decoding=\"async\" width=\"819\" height=\"1024\" data-id=\"551\" src=\"https:\/\/www.cmifrance.fr\/wp-content\/uploads\/2025\/12\/Aline-C-819x1024.png\" alt=\"\" class=\"wp-image-551\" srcset=\"https:\/\/www.cmifrance.fr\/wp-content\/uploads\/2025\/12\/Aline-C-819x1024.png 819w, https:\/\/www.cmifrance.fr\/wp-content\/uploads\/2025\/12\/Aline-C-240x300.png 240w, https:\/\/www.cmifrance.fr\/wp-content\/uploads\/2025\/12\/Aline-C-768x960.png 768w, https:\/\/www.cmifrance.fr\/wp-content\/uploads\/2025\/12\/Aline-C-1229x1536.png 1229w, https:\/\/www.cmifrance.fr\/wp-content\/uploads\/2025\/12\/Aline-C-1638x2048.png 1638w, https:\/\/www.cmifrance.fr\/wp-content\/uploads\/2025\/12\/Aline-C-scaled.png 2048w\" sizes=\"auto, (max-width: 819px) 100vw, 819px\" \/><\/figure>\n<\/figure>\n<\/div>\n\n\n\n<div class=\"wp-block-group is-layout-flow wp-container-core-group-is-layout-4e684634 wp-block-group-is-layout-flow\" style=\"border-radius:0px;padding-top:30px;padding-right:40px;padding-bottom:30px;padding-left:40px\">\n<h3 class=\"wp-block-heading has-text-align-center has-big-font-size\" style=\"margin-top:0px;margin-right:0px;margin-bottom:0px;margin-left:0px\">Aline C.<\/h3>\n\n\n\n<p class=\"has-text-align-center has-secondary-color has-text-color\">Tr\u00e9sori\u00e8re<\/p>\n<\/div>\n<\/div>\n\n\n\n<div class=\"wp-block-group alignwide animated animated-fadeInUp has-white-background-color has-background is-layout-constrained wp-container-core-group-is-layout-d794d2f0 wp-block-group-is-layout-constrained\" style=\"border-radius:0px;padding-top:0px;padding-right:0px;padding-bottom:0px;padding-left:0px\"><\/div>\n<\/div>\n<\/div>\n<\/div>\n<\/div>\n\n\n\n<hr class=\"wp-block-separator has-alpha-channel-opacity\"\/>\n\n\n\n<div class=\"wp-block-group is-layout-constrained wp-block-group-is-layout-constrained\">\n<div class=\"wp-block-group is-layout-constrained wp-block-group-is-layout-constrained\">\n<div class=\"wp-block-group is-layout-constrained wp-block-group-is-layout-constrained\">\n<div class=\"wp-block-group is-layout-constrained wp-block-group-is-layout-constrained\">\n<h3 class=\"wp-block-heading has-text-align-center\">P\u00f4le Communication<\/h3>\n<\/div>\n<\/div>\n<\/div>\n\n\n\n<hr class=\"wp-block-separator has-alpha-channel-opacity\"\/>\n\n\n\n<div class=\"wp-block-group is-layout-constrained wp-block-group-is-layout-constrained\">\n<div class=\"wp-block-group alignwide gutena-pattern is-layout-constrained wp-container-core-group-is-layout-3030d71c wp-block-group-is-layout-constrained\" style=\"padding-top:var(--wp--preset--spacing--80);padding-right:var(--wp--preset--spacing--40);padding-bottom:var(--wp--preset--spacing--80);padding-left:var(--wp--preset--spacing--40)\">\n<div class=\"wp-block-columns alignwide is-layout-flex wp-container-core-columns-is-layout-28f84493 wp-block-columns-is-layout-flex\">\n<div class=\"wp-block-column is-vertically-aligned-top is-layout-flow wp-block-column-is-layout-flow\">\n<figure class=\"wp-block-gallery has-nested-images columns-default is-cropped wp-block-gallery-6 is-layout-flex wp-block-gallery-is-layout-flex\">\n<figure class=\"wp-block-image size-large\"><img loading=\"lazy\" decoding=\"async\" width=\"819\" height=\"1024\" data-id=\"553\" src=\"https:\/\/www.cmifrance.fr\/wp-content\/uploads\/2025\/12\/Ulysse-P-819x1024.png\" alt=\"\" class=\"wp-image-553\" srcset=\"https:\/\/www.cmifrance.fr\/wp-content\/uploads\/2025\/12\/Ulysse-P-819x1024.png 819w, https:\/\/www.cmifrance.fr\/wp-content\/uploads\/2025\/12\/Ulysse-P-240x300.png 240w, https:\/\/www.cmifrance.fr\/wp-content\/uploads\/2025\/12\/Ulysse-P-768x960.png 768w, https:\/\/www.cmifrance.fr\/wp-content\/uploads\/2025\/12\/Ulysse-P-1229x1536.png 1229w, https:\/\/www.cmifrance.fr\/wp-content\/uploads\/2025\/12\/Ulysse-P-1638x2048.png 1638w, https:\/\/www.cmifrance.fr\/wp-content\/uploads\/2025\/12\/Ulysse-P-scaled.png 2048w\" sizes=\"auto, (max-width: 819px) 100vw, 819px\" \/><\/figure>\n<\/figure>\n\n\n\n<div class=\"wp-block-group alignwide has-shadow-dark animated animated-fadeInUp has-white-background-color has-background is-layout-constrained wp-container-core-group-is-layout-d794d2f0 wp-block-group-is-layout-constrained\" style=\"border-radius:0px;padding-top:0px;padding-right:0px;padding-bottom:0px;padding-left:0px\">\n<div class=\"wp-block-group is-layout-flow wp-container-core-group-is-layout-4e684634 wp-block-group-is-layout-flow\" style=\"border-radius:0px;padding-top:30px;padding-right:40px;padding-bottom:30px;padding-left:40px\">\n<h3 class=\"wp-block-heading has-text-align-center has-big-font-size\" style=\"margin-top:0px;margin-right:0px;margin-bottom:0px;margin-left:0px\">Ulysse P.<\/h3>\n\n\n\n<p class=\"has-text-align-center has-secondary-color has-text-color\">Responsable communication<\/p>\n<\/div>\n<\/div>\n<\/div>\n\n\n\n<div class=\"wp-block-column is-vertically-aligned-top has-shadow-dark  animated animated-fadeInUp is-layout-flow wp-block-column-is-layout-flow\">\n<figure class=\"wp-block-gallery has-nested-images columns-default is-cropped wp-block-gallery-7 is-layout-flex wp-block-gallery-is-layout-flex\">\n<figure class=\"wp-block-image size-large\"><img loading=\"lazy\" decoding=\"async\" width=\"819\" height=\"1024\" data-id=\"554\" src=\"https:\/\/www.cmifrance.fr\/wp-content\/uploads\/2025\/12\/Manon-F-819x1024.png\" alt=\"\" class=\"wp-image-554\" srcset=\"https:\/\/www.cmifrance.fr\/wp-content\/uploads\/2025\/12\/Manon-F-819x1024.png 819w, https:\/\/www.cmifrance.fr\/wp-content\/uploads\/2025\/12\/Manon-F-240x300.png 240w, https:\/\/www.cmifrance.fr\/wp-content\/uploads\/2025\/12\/Manon-F-768x960.png 768w, https:\/\/www.cmifrance.fr\/wp-content\/uploads\/2025\/12\/Manon-F-1229x1536.png 1229w, https:\/\/www.cmifrance.fr\/wp-content\/uploads\/2025\/12\/Manon-F-1638x2048.png 1638w, https:\/\/www.cmifrance.fr\/wp-content\/uploads\/2025\/12\/Manon-F-scaled.png 2048w\" sizes=\"auto, (max-width: 819px) 100vw, 819px\" \/><\/figure>\n<\/figure>\n\n\n\n<div class=\"wp-block-group alignwide animated animated-fadeInUp has-white-background-color has-background is-layout-constrained wp-container-core-group-is-layout-d794d2f0 wp-block-group-is-layout-constrained\" style=\"border-radius:0px;padding-top:0px;padding-right:0px;padding-bottom:0px;padding-left:0px\">\n<div class=\"wp-block-group is-layout-flow wp-container-core-group-is-layout-4e684634 wp-block-group-is-layout-flow\" style=\"border-radius:0px;padding-top:30px;padding-right:40px;padding-bottom:30px;padding-left:40px\">\n<h3 class=\"wp-block-heading has-text-align-center has-big-font-size\" style=\"margin-top:0px;margin-right:0px;margin-bottom:0px;margin-left:0px\">Manon F.<\/h3>\n\n\n\n<p class=\"has-text-align-center has-secondary-color has-text-color\">Responsable relationnel<\/p>\n<\/div>\n<\/div>\n<\/div>\n<\/div>\n<\/div>\n<\/div>\n<\/div>\n\n\n\n<hr class=\"wp-block-separator has-alpha-channel-opacity\"\/>\n\n\n","protected":false},"excerpt":{"rendered":"<p>Alexandre D. Pr\u00e9sident Itimade O. Secr\u00e9taire Logan G. VP Alumni Dorian C. Vice-pr\u00e9sident Aline C. [&hellip;]<\/p>\n","protected":false},"author":1,"featured_media":0,"parent":0,"menu_order":0,"comment_status":"closed","ping_status":"closed","template":"","meta":{"footnotes":""},"class_list":["post-547","page","type-page","status-publish","hentry"],"_links":{"self":[{"href":"https:\/\/www.cmifrance.fr\/index.php\/wp-json\/wp\/v2\/pages\/547","targetHints":{"allow":["GET"]}}],"collection":[{"href":"https:\/\/www.cmifrance.fr\/index.php\/wp-json\/wp\/v2\/pages"}],"about":[{"href":"https:\/\/www.cmifrance.fr\/index.php\/wp-json\/wp\/v2\/types\/page"}],"author":[{"embeddable":true,"href":"https:\/\/www.cmifrance.fr\/index.php\/wp-json\/wp\/v2\/users\/1"}],"replies":[{"embeddable":true,"href":"https:\/\/www.cmifrance.fr\/index.php\/wp-json\/wp\/v2\/comments?post=547"}],"version-history":[{"count":3,"href":"https:\/\/www.cmifrance.fr\/index.php\/wp-json\/wp\/v2\/pages\/547\/revisions"}],"predecessor-version":[{"id":771,"href":"https:\/\/www.cmifrance.fr\/index.php\/wp-json\/wp\/v2\/pages\/547\/revisions\/771"}],"wp:attachment":[{"href":"https:\/\/www.cmifrance.fr\/index.php\/wp-json\/wp\/v2\/media?parent=547"}],"curies":[{"name":"wp","href":"https:\/\/api.w.org\/{rel}","templated":true}]}}